{"id":834,"date":"2018-02-28T23:52:52","date_gmt":"2018-02-28T22:52:52","guid":{"rendered":"http:\/\/aquariusproductions.eu\/?page_id=834"},"modified":"2018-06-15T21:52:49","modified_gmt":"2018-06-15T20:52:49","slug":"privacy-policy","status":"publish","type":"page","link":"https:\/\/aquariusproductions.eu\/en\/privacy-policy\/","title":{"rendered":"Privacy Policy"},"content":{"rendered":"<p><b>PRIVACY DECLARATION GDPR<\/b><\/p>\n<p><b>WE HELP TO PROTECT YOUR PERSONAL DATA.<\/b><\/p>\n<p><span style=\"font-weight: 400;\">Barcelona, Date 24<\/span><span style=\"font-weight: 400;\">th<\/span><span style=\"font-weight: 400;\"> May 2018<\/span><\/p>\n<p><span style=\"font-weight: 400;\">In accordance the EU GDPR regulation on privacy, we note that each visit to our website and each agreement or purchase of our services in Spain, where we are present, is subject to the privacy statement below. This privacy procedure describes the ways we collect data and the purposes for which the data are used. The party responsible for data handling is<\/span><\/p>\n<p><span style=\"font-weight: 400;\">BUSINESSNAME Aquarius Productions CONTACT Mark-Philip van der Poel<\/span><\/p>\n<p><span style=\"font-weight: 400;\">Postal address: C\/Parlament 10, Pral.1. \u00a0E-Mail: info@aquariusproductions.eu<\/span><\/p>\n<p><span style=\"font-weight: 400;\">Business ID: ES-X3232591-X<\/span><\/p>\n<p>&nbsp;<\/p>\n<p><span style=\"font-weight: 400;\">BUSINESS SUMMARY:<\/span><\/p>\n<p><span style=\"font-weight: 400;\">Aquarius Productions is a business based in Barcelona, Spain. The business has as main area of activity: Video and media production. They also co-ordinate with independent professionals in the field of video and media productions.<\/span><\/p>\n<p>&nbsp;<\/p>\n<p><b>WE DO NOT SELL YOUR INFORMATION TO ANYONE<\/b><\/p>\n<p><span style=\"font-weight: 400;\">WHY IS DATA COLLECTED?<\/span><\/p>\n<p><span style=\"font-weight: 400;\">The most important legal basis for the collection and handling of your data by us is that it is necessary to comply with an agreement between you and us. We take necessary measures for normal business activities and also to prevent loss, illegitimate use or alteration of your personal data. <\/span><\/p>\n<p>&nbsp;<\/p>\n<p><span style=\"font-weight: 400;\">WHAT DATA ARE COLLECTED?<\/span><\/p>\n<p><span style=\"font-weight: 400;\">Specific data are collected in the course of normal business activity:<\/span><\/p>\n<ul>\n<li style=\"font-weight: 400;\"><span style=\"font-weight: 400;\">In accordance with what is mentioned in the agreement between us and our customer and <\/span><\/li>\n<li style=\"font-weight: 400;\"><span style=\"font-weight: 400;\">To complete our projects and contractual obligations and send our bills<\/span><\/li>\n<\/ul>\n<p><span style=\"font-weight: 400;\">However, we do not collect private information such as for example: social security number, mother&#8217;s maiden name, date and place of birth, biometric records; and (2) any other information that is linked or linkable to an individual, such as medical, educational, financial, and employment information<\/span><\/p>\n<p>&nbsp;<\/p>\n<p><span style=\"font-weight: 400;\">HOW DO WE COLLECT DATA?<\/span><\/p>\n<p><span style=\"font-weight: 400;\">By means of documents and content supplied to us as part of our agreed\/ contractual work.<\/span><\/p>\n<p><span style=\"font-weight: 400;\">For example, documents for a video project<\/span><\/p>\n<p><span style=\"font-weight: 400;\">We also collect business data on the following:<\/span><\/p>\n<ul>\n<li style=\"font-weight: 400;\"><span style=\"font-weight: 400;\">Public data as provided on websites and in newspapers and other public media <\/span><\/li>\n<li style=\"font-weight: 400;\"><span style=\"font-weight: 400;\">Business to business contacts<\/span><\/li>\n<li style=\"font-weight: 400;\"><span style=\"font-weight: 400;\">Introductions and recommendations<\/span><\/li>\n<li style=\"font-weight: 400;\"><span style=\"font-weight: 400;\">E-mail contact <\/span><\/li>\n<\/ul>\n<p>&nbsp;<\/p>\n<p><span style=\"font-weight: 400;\">WHAT TYPE OF DATA IS COLLECTED?<\/span><\/p>\n<p><span style=\"font-weight: 400;\">Client\/customer information: Contact names, function titles, addresses, email, contact telephone number, web addresses, social media information, billing information and bank details<\/span><\/p>\n<p>&nbsp;<\/p>\n<p><span style=\"font-weight: 400;\">HOW ARE OUR DATA STORED?<\/span><\/p>\n<p><span style=\"font-weight: 400;\">Contact lists of the business are stored through encrypted connections (HTTPS protocol) to servers of Google Android\/Gmail address books, Gmail. All our computers and devices are password-protected with antivirus software installed. <\/span><\/p>\n<p><span style=\"font-weight: 400;\">Customer data are both stored offline on hard-disks and\/or online on password-protected Google server(s).<\/span><\/p>\n<p>&nbsp;<\/p>\n<p><span style=\"font-weight: 400;\">USE OF DATA FOR LEGAL REASONS\/THIRD PARTY REQUIREMENTS<\/span><\/p>\n<p><span style=\"font-weight: 400;\">We do not share your personal information with third parties, but with the following exceptions.<\/span><\/p>\n<ul>\n<li style=\"font-weight: 400;\"><span style=\"font-weight: 400;\">Authority. We will share data with an Authority if required to do so by law, or as part of our regular accounting activities<\/span><\/li>\n<li style=\"font-weight: 400;\"><span style=\"font-weight: 400;\">Business laws. We may share data for legal purposes\/ accountability\/ Public liability and indemnity insurance purposes to legally protect our business.<\/span><\/li>\n<li style=\"font-weight: 400;\"><span style=\"font-weight: 400;\">Intellectual property law. With regard to long term requirements pertaining to intellectual-property law, copyright laws, our material is stored in our archives, offline.<\/span><\/li>\n<li style=\"font-weight: 400;\"><span style=\"font-weight: 400;\">Accounting. It is a requirement by law that all invoices and administrative matters are to be retained\/ kept for approximately seven years for legal reasons including tax obligations. <\/span><\/li>\n<\/ul>\n<p><span style=\"font-weight: 400;\">Therefore, we do not delete such data from our storage files for as long as such data may be required by law.<\/span><\/p>\n<p>&nbsp;<\/p>\n<p><span style=\"font-weight: 400;\">TRANSFER OF DATA OUTSIDE THE EU<\/span><\/p>\n<p><span style=\"font-weight: 400;\">Our business activities are located within Europe, the EU. However, sometimes our activities are mobile and outside of the EU. On the internet, we make use of Google HTTPS encryption. In addition, we understand that by using the internet through Google, your personal data will be channeled to Google\u2019s data centers who process data in countries outside the EU. See also our reference to Google in the \u201creferences\u201d list below.<\/span><\/p>\n<p>&nbsp;<\/p>\n<p><span style=\"font-weight: 400;\">ON FURTHER INFORMATION<\/span><\/p>\n<p><span style=\"font-weight: 400;\">In conclusion we mention that also with regard to personal data we have developed a good working relationship with our customers.<\/span><\/p>\n<p><span style=\"font-weight: 400;\">Should you wish to be removed from our list please contact us by email: info@aquariusproductions.eu<\/span><\/p>\n<p><span style=\"font-weight: 400;\">If you require further information, please contact us by email: info@aquariusproductions.eu<\/span><\/p>\n<p><span style=\"font-weight: 400;\">Complaints if any can be lodged by e mail to: info@aquariusproductions.eu When contacted about this, we will process your Business name, Name, address, place of residence, email address, telephone number and correspondence content to best respond to your complaint, request or question.<\/span><\/p>\n<p><span style=\"font-weight: 400;\">You are kindly advised that in Europe the Authority on Privacy data of each country can be approached for complaints about privacy matters with regard to GDPR<\/span><\/p>\n<p><span style=\"font-weight: 400;\">Our PRIVACY DECLARATION GDPR may be adapted from time to time<\/span><\/p>\n<p>&nbsp;<\/p>\n<p><span style=\"font-weight: 400;\">ON CONSULTED REFERENCES: <\/span><\/p>\n<ul>\n<li style=\"font-weight: 400;\"><span style=\"font-weight: 400;\">\u201cThe General Data Protection Regulation (GDPR) (EU) 2016\/679 is a regulation in EU law on data protection and privacy for all individuals within the European Union and the European Economic Area.\u201d \u00a0LINKs: https:\/\/en.wikipedia.org\/wiki\/General_Data_Protection_Regulation <\/span><\/li>\n<li style=\"font-weight: 400;\"><span style=\"font-weight: 400;\">https:\/\/gdpr-info.eu\/<\/span><\/li>\n<li style=\"font-weight: 400;\"><span style=\"font-weight: 400;\">LOPD Wikipedia, RGPD in Spanish or GDPR in English<\/span><\/li>\n<li style=\"font-weight: 400;\"><span style=\"font-weight: 400;\">AEPD, Agencia Espa\u00f1ola de Protecci\u00f3n de Datos, Madrid Direcci\u00f3n Postal, Calle Jorge Juan, 6, 28001 Madrid Link: \u00a0\u00a0<\/span><span style=\"font-weight: 400;\">https:\/\/www.agpd.es<\/span><\/li>\n<li style=\"font-weight: 400;\"><span style=\"font-weight: 400;\">On Google privacy: <\/span><a href=\"https:\/\/privacy.google.com\" target=\"_blank\" rel=\"noopener\"><span style=\"font-weight: 400;\">https:\/\/privacy.google.com<\/span><\/a><span style=\"font-weight: 400;\"> \u00a0Google \u00a0Quote: \u201cConnecting to our services through HTTPS encryption protects you \u201d<\/span><\/li>\n<\/ul>\n<p>&nbsp;<\/p>\n<p><span style=\"font-weight: 400;\">DISCLAIMER. We may make changes to this privacy information at any time without notice. Our website, is intended solely to provide information about us. The information on our website and on this private policy page has been compiled in accordance with GDPR requirements and in good faith. We are not accountable for the content of third party pages or other websites linked to or resulting from our website. We do not give a guarantee on the comprehensiveness, and neither do we accept responsibility for this.<\/span><\/p>\n<p><span style=\"font-weight: 400;\">\u00a9 COPYRIGHT. This PRIVACY \u00a0DECLARATION GDPR may not be used or copied or multiplied without written approval by the author, Art van der Poel, who can be contacted in the following email: \u00a0<\/span><a href=\"mailto:artb-law@hotmail.com\"><span style=\"font-weight: 400;\">artb-law@hotmail.com<\/span><\/a><\/p>\n","protected":false},"excerpt":{"rendered":"<p>PRIVACY DECLARATION GDPR WE HELP TO PROTECT YOUR PERSONAL DATA. Barcelona, Date 24th May 2018 In accordance the EU GDPR regulation on privacy, we note that each visit to our website and each agreement or purchase of our services in Spain, where we are present, is subject to the privacy statement below. This privacy procedure &#8230; <\/p>\n<p class=\"read-more-container\"><a title=\"Privacy Policy\" class=\"read-more button\" href=\"https:\/\/aquariusproductions.eu\/en\/privacy-policy\/#more-834\">Leer m\u00e1s<span class=\"screen-reader-text\">Privacy Policy<\/span><\/a><\/p>\n","protected":false},"author":4,"featured_media":0,"parent":0,"menu_order":0,"comment_status":"closed","ping_status":"closed","template":"","meta":{"_locale":"en_US","_original_post":"834"},"_links":{"self":[{"href":"https:\/\/aquariusproductions.eu\/wp-json\/wp\/v2\/pages\/834"}],"collection":[{"href":"https:\/\/aquariusproductions.eu\/wp-json\/wp\/v2\/pages"}],"about":[{"href":"https:\/\/aquariusproductions.eu\/wp-json\/wp\/v2\/types\/page"}],"author":[{"embeddable":true,"href":"https:\/\/aquariusproductions.eu\/wp-json\/wp\/v2\/users\/4"}],"replies":[{"embeddable":true,"href":"https:\/\/aquariusproductions.eu\/wp-json\/wp\/v2\/comments?post=834"}],"version-history":[{"count":0,"href":"https:\/\/aquariusproductions.eu\/wp-json\/wp\/v2\/pages\/834\/revisions"}],"wp:attachment":[{"href":"https:\/\/aquariusproductions.eu\/wp-json\/wp\/v2\/media?parent=834"}],"curies":[{"name":"wp","href":"https:\/\/api.w.org\/{rel}","templated":true}]}}